{"id":1677,"date":"2023-08-25T12:28:04","date_gmt":"2023-08-25T12:28:04","guid":{"rendered":"https:\/\/pluginaudio.pro\/formacion\/"},"modified":"2023-09-07T09:28:12","modified_gmt":"2023-09-07T09:28:12","slug":"formacao","status":"publish","type":"page","link":"https:\/\/pluginaudio.pro\/pt-pt\/formacao\/","title":{"rendered":"Forma\u00e7\u00e3o"},"content":{"rendered":"\t\t<div data-elementor-type=\"wp-page\" data-elementor-id=\"1677\" class=\"elementor elementor-1677 elementor-1271\" data-elementor-post-type=\"page\">\n\t\t\t\t<div class=\"elementor-element elementor-element-ff33bab e-con-full e-flex e-con e-parent\" data-id=\"ff33bab\" data-element_type=\"container\" data-e-type=\"container\">\n\t\t\t\t<div class=\"elementor-element elementor-element-b5436c6 elementor-widget elementor-widget-shortcode\" data-id=\"b5436c6\" data-element_type=\"widget\" data-e-type=\"widget\" data-widget_type=\"shortcode.default\">\n\t\t\t\t\t\t\t<div class=\"elementor-shortcode\">\t\t<div data-elementor-type=\"container\" data-elementor-id=\"1666\" class=\"elementor elementor-1666 elementor-486 elementor-486\" data-elementor-post-type=\"elementor_library\">\n\t\t\t\t<div class=\"elementor-element elementor-element-6bea037b e-con-full innerheader e-flex e-con e-parent\" data-id=\"6bea037b\" data-element_type=\"container\" data-e-type=\"container\" data-settings=\"{&quot;background_background&quot;:&quot;classic&quot;}\">\n\t\t\t\t<div class=\"elementor-element elementor-element-2719a178 elementor-widget elementor-widget-heading\" data-id=\"2719a178\" data-element_type=\"widget\" data-e-type=\"widget\" data-widget_type=\"heading.default\">\n\t\t\t\t\t<h1 class=\"elementor-heading-title elementor-size-default\">Forma\u00e7\u00e3o<\/h1>\t\t\t\t<\/div>\n\t\t\t\t<\/div>\n\t\t\t\t<\/div>\n\t\t<\/div>\n\t\t\t\t\t\t<\/div>\n\t\t\t\t<\/div>\n\t\t<div class=\"elementor-element elementor-element-0ba4452 e-flex e-con-boxed e-con e-parent\" data-id=\"0ba4452\" data-element_type=\"container\" data-e-type=\"container\" data-settings=\"{&quot;background_background&quot;:&quot;classic&quot;}\">\n\t\t\t\t\t<div class=\"e-con-inner\">\n\t\t<div class=\"elementor-element elementor-element-8692e3b e-con-full e-flex e-con e-parent\" data-id=\"8692e3b\" data-element_type=\"container\" data-e-type=\"container\">\n\t\t\t\t<div class=\"elementor-element elementor-element-157886b elementor-widget elementor-widget-image\" data-id=\"157886b\" data-element_type=\"widget\" data-e-type=\"widget\" data-widget_type=\"image.default\">\n\t\t\t\t\t\t\t\t\t\t\t\t\t\t\t<img fetchpriority=\"high\" decoding=\"async\" width=\"1280\" height=\"853\" src=\"https:\/\/pluginaudio.pro\/wp-content\/uploads\/2023\/08\/formacion_pluginaudiopro_06.jpg\" class=\"attachment-full size-full wp-image-1723\" alt=\"-\" srcset=\"https:\/\/pluginaudio.pro\/wp-content\/uploads\/2023\/08\/formacion_pluginaudiopro_06.jpg 1280w, https:\/\/pluginaudio.pro\/wp-content\/uploads\/2023\/08\/formacion_pluginaudiopro_06-300x200.jpg 300w, https:\/\/pluginaudio.pro\/wp-content\/uploads\/2023\/08\/formacion_pluginaudiopro_06-1024x682.jpg 1024w, https:\/\/pluginaudio.pro\/wp-content\/uploads\/2023\/08\/formacion_pluginaudiopro_06-768x512.jpg 768w\" sizes=\"(max-width: 1280px) 100vw, 1280px\" title=\"\">\t\t\t\t\t\t\t\t\t\t\t\t\t\t\t<\/div>\n\t\t\t\t<\/div>\n\t\t<div class=\"elementor-element elementor-element-72d25d4 e-con-full e-flex e-con e-parent\" data-id=\"72d25d4\" data-element_type=\"container\" data-e-type=\"container\">\n\t\t\t\t<div class=\"elementor-element elementor-element-b7e18b1 elementor-widget elementor-widget-heading\" data-id=\"b7e18b1\" data-element_type=\"widget\" data-e-type=\"widget\" data-widget_type=\"heading.default\">\n\t\t\t\t\t<h4 class=\"elementor-heading-title elementor-size-default\">- Servi\u00e7os<\/h4>\t\t\t\t<\/div>\n\t\t\t\t<div class=\"elementor-element elementor-element-ea90073 elementor-widget elementor-widget-heading\" data-id=\"ea90073\" data-element_type=\"widget\" data-e-type=\"widget\" data-widget_type=\"heading.default\">\n\t\t\t\t\t<h4 class=\"elementor-heading-title elementor-size-default\">Forma\u00e7\u00e3o<\/h4>\t\t\t\t<\/div>\n\t\t\t\t<div class=\"elementor-element elementor-element-c4bc098 elementor-widget elementor-widget-text-editor\" data-id=\"c4bc098\" data-element_type=\"widget\" data-e-type=\"widget\" data-widget_type=\"text-editor.default\">\n\t\t\t\t\t\t\t\t\t<p>Pluginaudio Training \u00e9 a nossa divis\u00e3o dedicada \u00e0 educa\u00e7\u00e3o, onde desenvolvemos projetos ligados \u00e0 forma\u00e7\u00e3o audiovisual a partir de diferentes abordagens.<\/p><p>Da \u00e1rea comercial, aconselhar os nossos clientes na aquisi\u00e7\u00e3o de equipamentos e ministrar forma\u00e7\u00e3o t\u00e9cnica para a sua utiliza\u00e7\u00e3o, sejam eles particulares, empresas ou profissionais independentes, e da \u00e1rea formativa, realizando forma\u00e7\u00e3o de produtos, tutoriais, sess\u00f5es t\u00e9cnicas ou cl\u00ednicas para todos tipos de usu\u00e1rios.<\/p><p>Como especialistas do setor educacional, valorizamos muito o envolvimento da Steinberg na forma\u00e7\u00e3o, oferecendo descontos a institui\u00e7\u00f5es de ensino, formadores e estudantes em todos os seus produtos, al\u00e9m de todo o tipo de tutoriais e forma\u00e7\u00e3o espec\u00edfica atrav\u00e9s do seu Centro de Forma\u00e7\u00e3o Certificado.<\/p>\t\t\t\t\t\t\t\t<\/div>\n\t\t\t\t<\/div>\n\t\t\t\t\t<\/div>\n\t\t\t\t<\/div>\n\t\t<div class=\"elementor-element elementor-element-f541bec e-flex e-con-boxed e-con e-parent\" data-id=\"f541bec\" data-element_type=\"container\" data-e-type=\"container\" data-settings=\"{&quot;background_background&quot;:&quot;classic&quot;}\">\n\t\t\t\t\t<div class=\"e-con-inner\">\n\t\t<div class=\"elementor-element elementor-element-0435a36 e-flex e-con-boxed e-con e-parent\" data-id=\"0435a36\" data-element_type=\"container\" data-e-type=\"container\">\n\t\t\t\t\t<div class=\"e-con-inner\">\n\t\t\t\t<div class=\"elementor-element elementor-element-68b26a1 elementor-widget elementor-widget-heading\" data-id=\"68b26a1\" data-element_type=\"widget\" data-e-type=\"widget\" data-widget_type=\"heading.default\">\n\t\t\t\t\t<h4 class=\"elementor-heading-title elementor-size-default\">- Reconhecimento<\/h4>\t\t\t\t<\/div>\n\t\t\t\t<div class=\"elementor-element elementor-element-05d210e elementor-widget elementor-widget-heading\" data-id=\"05d210e\" data-element_type=\"widget\" data-e-type=\"widget\" data-widget_type=\"heading.default\">\n\t\t\t\t\t<h4 class=\"elementor-heading-title elementor-size-default\">Steinberg Certified Training Center<\/h4>\t\t\t\t<\/div>\n\t\t\t\t<div class=\"elementor-element elementor-element-8f464cd elementor-widget elementor-widget-text-editor\" data-id=\"8f464cd\" data-element_type=\"widget\" data-e-type=\"widget\" data-widget_type=\"text-editor.default\">\n\t\t\t\t\t\t\t\t\t<p>Na Pluginaudio temos a honra de ser o primeiro <strong>Centro de Forma\u00e7\u00e3o Certificado<\/strong> em Espanha desde 2012.<\/p>\t\t\t\t\t\t\t\t<\/div>\n\t\t\t\t<div class=\"elementor-element elementor-element-75e4c36 elementor-align-left elementor-widget elementor-widget-button\" data-id=\"75e4c36\" data-element_type=\"widget\" data-e-type=\"widget\" data-widget_type=\"button.default\">\n\t\t\t\t\t\t\t\t\t\t<a class=\"elementor-button elementor-button-link elementor-size-xs\" href=\"https:\/\/pluginaudio.pro\/pt-pt\/formacao\/formacao-steinberg\/\">\n\t\t\t\t\t\t<span class=\"elementor-button-content-wrapper\">\n\t\t\t\t\t\t<span class=\"elementor-button-icon\">\n\t\t\t\t<i aria-hidden=\"true\" class=\"fas fa-book-open\"><\/i>\t\t\t<\/span>\n\t\t\t\t\t\t\t\t\t<span class=\"elementor-button-text\">Ver cursos<\/span>\n\t\t\t\t\t<\/span>\n\t\t\t\t\t<\/a>\n\t\t\t\t\t\t\t\t<\/div>\n\t\t\t\t\t<\/div>\n\t\t\t\t<\/div>\n\t\t<div class=\"elementor-element elementor-element-9802063 e-flex e-con-boxed e-con e-parent\" data-id=\"9802063\" data-element_type=\"container\" data-e-type=\"container\">\n\t\t\t\t\t<div class=\"e-con-inner\">\n\t\t\t\t<div class=\"elementor-element elementor-element-13af455 elementor-widget elementor-widget-image\" data-id=\"13af455\" data-element_type=\"widget\" data-e-type=\"widget\" data-widget_type=\"image.default\">\n\t\t\t\t\t\t\t\t\t\t\t\t\t\t\t<img decoding=\"async\" src=\"https:\/\/pluginaudio.pro\/wp-content\/uploads\/2023\/09\/steinberg-certified-training-center.png\" title=\"steinberg-certified-training-center\" alt=\"Sello nos acredita como Steinberg Certified Center\" loading=\"lazy\" \/>\t\t\t\t\t\t\t\t\t\t\t\t\t\t\t<\/div>\n\t\t\t\t\t<\/div>\n\t\t\t\t<\/div>\n\t\t\t\t\t<\/div>\n\t\t\t\t<\/div>\n\t\t<div class=\"elementor-element elementor-element-9f0ab28 e-flex e-con-boxed e-con e-parent\" data-id=\"9f0ab28\" data-element_type=\"container\" data-e-type=\"container\">\n\t\t\t\t\t<div class=\"e-con-inner\">\n\t\t\t\t<div class=\"elementor-element elementor-element-daddc1a elementor-widget elementor-widget-gallery\" data-id=\"daddc1a\" data-element_type=\"widget\" data-e-type=\"widget\" data-settings=\"{&quot;columns&quot;:3,&quot;aspect_ratio&quot;:&quot;16:9&quot;,&quot;lazyload&quot;:&quot;yes&quot;,&quot;gallery_layout&quot;:&quot;grid&quot;,&quot;columns_tablet&quot;:2,&quot;columns_mobile&quot;:1,&quot;gap&quot;:{&quot;unit&quot;:&quot;px&quot;,&quot;size&quot;:10,&quot;sizes&quot;:[]},&quot;gap_tablet&quot;:{&quot;unit&quot;:&quot;px&quot;,&quot;size&quot;:10,&quot;sizes&quot;:[]},&quot;gap_mobile&quot;:{&quot;unit&quot;:&quot;px&quot;,&quot;size&quot;:10,&quot;sizes&quot;:[]},&quot;overlay_background&quot;:&quot;yes&quot;,&quot;content_hover_animation&quot;:&quot;fade-in&quot;}\" data-widget_type=\"gallery.default\">\n\t\t\t\t\t\t\t<div class=\"elementor-gallery__container\">\n\t\t\t\t\t\t\t<div class=\"e-gallery-item elementor-gallery-item elementor-animated-content\">\n\t\t\t\t\t<div class=\"e-gallery-image elementor-gallery-item__image\" data-thumbnail=\"https:\/\/pluginaudio.pro\/wp-content\/uploads\/2023\/08\/formacion-audiovisual-1024x683.jpg\" data-width=\"800\" data-height=\"534\" aria-label=\"\" role=\"img\" ><\/div>\n\t\t\t\t\t\t\t\t\t\t\t<div class=\"elementor-gallery-item__overlay\"><\/div>\n\t\t\t\t\t\t\t\t\t\t\t\t\t\t<\/div>\n\t\t\t\t\t\t\t<div class=\"e-gallery-item elementor-gallery-item elementor-animated-content\">\n\t\t\t\t\t<div class=\"e-gallery-image elementor-gallery-item__image\" data-thumbnail=\"https:\/\/pluginaudio.pro\/wp-content\/uploads\/2023\/08\/formacion_pluginaudiopro_01-1024x682.jpg\" data-width=\"800\" data-height=\"533\" aria-label=\"\" role=\"img\" ><\/div>\n\t\t\t\t\t\t\t\t\t\t\t<div class=\"elementor-gallery-item__overlay\"><\/div>\n\t\t\t\t\t\t\t\t\t\t\t\t\t\t<\/div>\n\t\t\t\t\t\t\t<div class=\"e-gallery-item elementor-gallery-item elementor-animated-content\">\n\t\t\t\t\t<div class=\"e-gallery-image elementor-gallery-item__image\" data-thumbnail=\"https:\/\/pluginaudio.pro\/wp-content\/uploads\/2023\/08\/formacion_pluginaudiopro_03-1024x682.jpg\" data-width=\"800\" data-height=\"533\" aria-label=\"\" role=\"img\" ><\/div>\n\t\t\t\t\t\t\t\t\t\t\t<div class=\"elementor-gallery-item__overlay\"><\/div>\n\t\t\t\t\t\t\t\t\t\t\t\t\t\t<\/div>\n\t\t\t\t\t\t\t<div class=\"e-gallery-item elementor-gallery-item elementor-animated-content\">\n\t\t\t\t\t<div class=\"e-gallery-image elementor-gallery-item__image\" data-thumbnail=\"https:\/\/pluginaudio.pro\/wp-content\/uploads\/2023\/08\/formacion_pluginaudiopro_06-1024x682.jpg\" data-width=\"800\" data-height=\"533\" aria-label=\"\" role=\"img\" ><\/div>\n\t\t\t\t\t\t\t\t\t\t\t<div class=\"elementor-gallery-item__overlay\"><\/div>\n\t\t\t\t\t\t\t\t\t\t\t\t\t\t<\/div>\n\t\t\t\t\t\t\t<div class=\"e-gallery-item elementor-gallery-item elementor-animated-content\">\n\t\t\t\t\t<div class=\"e-gallery-image elementor-gallery-item__image\" data-thumbnail=\"https:\/\/pluginaudio.pro\/wp-content\/uploads\/2023\/08\/formacion_pluginaudiopro_02-1024x636.jpg\" data-width=\"800\" data-height=\"497\" aria-label=\"\" role=\"img\" ><\/div>\n\t\t\t\t\t\t\t\t\t\t\t<div class=\"elementor-gallery-item__overlay\"><\/div>\n\t\t\t\t\t\t\t\t\t\t\t\t\t\t<\/div>\n\t\t\t\t\t\t\t<div class=\"e-gallery-item elementor-gallery-item elementor-animated-content\">\n\t\t\t\t\t<div class=\"e-gallery-image elementor-gallery-item__image\" data-thumbnail=\"https:\/\/pluginaudio.pro\/wp-content\/uploads\/2023\/08\/formacion_pluginaudiopro_04-1024x682.jpg\" data-width=\"800\" data-height=\"533\" aria-label=\"\" role=\"img\" ><\/div>\n\t\t\t\t\t\t\t\t\t\t\t<div class=\"elementor-gallery-item__overlay\"><\/div>\n\t\t\t\t\t\t\t\t\t\t\t\t\t\t<\/div>\n\t\t\t\t\t\t\t<div class=\"e-gallery-item elementor-gallery-item elementor-animated-content\">\n\t\t\t\t\t<div class=\"e-gallery-image elementor-gallery-item__image\" data-thumbnail=\"https:\/\/pluginaudio.pro\/wp-content\/uploads\/2023\/08\/formacion_pluginaudiopro_07-1024x682.jpg\" data-width=\"800\" data-height=\"533\" aria-label=\"\" role=\"img\" ><\/div>\n\t\t\t\t\t\t\t\t\t\t\t<div class=\"elementor-gallery-item__overlay\"><\/div>\n\t\t\t\t\t\t\t\t\t\t\t\t\t\t<\/div>\n\t\t\t\t\t\t\t<div class=\"e-gallery-item elementor-gallery-item elementor-animated-content\">\n\t\t\t\t\t<div class=\"e-gallery-image elementor-gallery-item__image\" data-thumbnail=\"https:\/\/pluginaudio.pro\/wp-content\/uploads\/2023\/08\/formacion_pluginaudiopro_08-1024x768.jpg\" data-width=\"800\" data-height=\"600\" aria-label=\"\" role=\"img\" ><\/div>\n\t\t\t\t\t\t\t\t\t\t\t<div class=\"elementor-gallery-item__overlay\"><\/div>\n\t\t\t\t\t\t\t\t\t\t\t\t\t\t<\/div>\n\t\t\t\t\t\t\t<div class=\"e-gallery-item elementor-gallery-item elementor-animated-content\">\n\t\t\t\t\t<div class=\"e-gallery-image elementor-gallery-item__image\" data-thumbnail=\"https:\/\/pluginaudio.pro\/wp-content\/uploads\/2023\/08\/formacion_pluginaudiopro_05-1024x576.jpg\" data-width=\"800\" data-height=\"450\" aria-label=\"\" role=\"img\" ><\/div>\n\t\t\t\t\t\t\t\t\t\t\t<div class=\"elementor-gallery-item__overlay\"><\/div>\n\t\t\t\t\t\t\t\t\t\t\t\t\t\t<\/div>\n\t\t\t\t\t<\/div>\n\t\t\t\t\t<\/div>\n\t\t\t\t\t<\/div>\n\t\t\t\t<\/div>\n\t\t\t\t<\/div>\n\t\t","protected":false},"excerpt":{"rendered":"<p>&#8211; Servi\u00e7os Forma\u00e7\u00e3o Pluginaudio Training \u00e9 a nossa divis\u00e3o dedicada \u00e0 educa\u00e7\u00e3o, onde desenvolvemos projetos ligados \u00e0 forma\u00e7\u00e3o audiovisual a partir de diferentes abordagens. Da \u00e1rea comercial, aconselhar os nossos clientes na aquisi\u00e7\u00e3o de equipamentos e ministrar forma\u00e7\u00e3o t\u00e9cnica para a sua utiliza\u00e7\u00e3o, sejam eles particulares, empresas ou profissionais independentes, e da \u00e1rea formativa, realizando [&hellip;]<\/p>\n","protected":false},"author":1,"featured_media":0,"parent":0,"menu_order":0,"comment_status":"closed","ping_status":"closed","template":"","meta":{"_acf_changed":false,"inline_featured_image":false,"footnotes":""},"class_list":["post-1677","page","type-page","status-publish","hentry"],"acf":[],"_links":{"self":[{"href":"https:\/\/pluginaudio.pro\/pt-pt\/wp-json\/wp\/v2\/pages\/1677","targetHints":{"allow":["GET"]}}],"collection":[{"href":"https:\/\/pluginaudio.pro\/pt-pt\/wp-json\/wp\/v2\/pages"}],"about":[{"href":"https:\/\/pluginaudio.pro\/pt-pt\/wp-json\/wp\/v2\/types\/page"}],"author":[{"embeddable":true,"href":"https:\/\/pluginaudio.pro\/pt-pt\/wp-json\/wp\/v2\/users\/1"}],"replies":[{"embeddable":true,"href":"https:\/\/pluginaudio.pro\/pt-pt\/wp-json\/wp\/v2\/comments?post=1677"}],"version-history":[{"count":4,"href":"https:\/\/pluginaudio.pro\/pt-pt\/wp-json\/wp\/v2\/pages\/1677\/revisions"}],"predecessor-version":[{"id":1733,"href":"https:\/\/pluginaudio.pro\/pt-pt\/wp-json\/wp\/v2\/pages\/1677\/revisions\/1733"}],"wp:attachment":[{"href":"https:\/\/pluginaudio.pro\/pt-pt\/wp-json\/wp\/v2\/media?parent=1677"}],"curies":[{"name":"wp","href":"https:\/\/api.w.org\/{rel}","templated":true}]}}