{"id":1676,"date":"2023-08-28T09:50:27","date_gmt":"2023-08-28T09:50:27","guid":{"rendered":"https:\/\/pluginaudio.pro\/contacto\/"},"modified":"2023-09-27T11:20:54","modified_gmt":"2023-09-27T11:20:54","slug":"contato","status":"publish","type":"page","link":"https:\/\/pluginaudio.pro\/pt-pt\/contato\/","title":{"rendered":"Contato"},"content":{"rendered":"\t\t<div data-elementor-type=\"wp-page\" data-elementor-id=\"1676\" class=\"elementor elementor-1676 elementor-1307\" data-elementor-post-type=\"page\">\n\t\t\t\t<div class=\"elementor-element elementor-element-ff33bab e-con-full e-flex e-con e-parent\" data-id=\"ff33bab\" data-element_type=\"container\" data-e-type=\"container\">\n\t\t\t\t<div class=\"elementor-element elementor-element-b5436c6 elementor-widget elementor-widget-shortcode\" data-id=\"b5436c6\" data-element_type=\"widget\" data-e-type=\"widget\" data-widget_type=\"shortcode.default\">\n\t\t\t\t\t\t\t<div class=\"elementor-shortcode\">\t\t<div data-elementor-type=\"container\" data-elementor-id=\"1666\" class=\"elementor elementor-1666 elementor-486 elementor-486\" data-elementor-post-type=\"elementor_library\">\n\t\t\t\t<div class=\"elementor-element elementor-element-6bea037b e-con-full innerheader e-flex e-con e-parent\" data-id=\"6bea037b\" data-element_type=\"container\" data-e-type=\"container\" data-settings=\"{&quot;background_background&quot;:&quot;classic&quot;}\">\n\t\t\t\t<div class=\"elementor-element elementor-element-2719a178 elementor-widget elementor-widget-heading\" data-id=\"2719a178\" data-element_type=\"widget\" data-e-type=\"widget\" data-widget_type=\"heading.default\">\n\t\t\t\t\t<h1 class=\"elementor-heading-title elementor-size-default\">Contato<\/h1>\t\t\t\t<\/div>\n\t\t\t\t<\/div>\n\t\t\t\t<\/div>\n\t\t<\/div>\n\t\t\t\t\t\t<\/div>\n\t\t\t\t<\/div>\n\t\t<div class=\"elementor-element elementor-element-2891cb3 e-flex e-con-boxed e-con e-parent\" data-id=\"2891cb3\" data-element_type=\"container\" data-e-type=\"container\" data-settings=\"{&quot;background_background&quot;:&quot;classic&quot;}\">\n\t\t\t\t\t<div class=\"e-con-inner\">\n\t\t<div class=\"elementor-element elementor-element-e5cfe16 e-con-full e-flex e-con e-parent\" data-id=\"e5cfe16\" data-element_type=\"container\" data-e-type=\"container\">\n\t\t\t\t<div class=\"elementor-element elementor-element-7a4808f elementor-widget elementor-widget-heading\" data-id=\"7a4808f\" data-element_type=\"widget\" data-e-type=\"widget\" data-widget_type=\"heading.default\">\n\t\t\t\t\t<h4 class=\"elementor-heading-title elementor-size-default\">- Informa\u00e7\u00f5es de contato<\/h4>\t\t\t\t<\/div>\n\t\t\t\t<div class=\"elementor-element elementor-element-95ecb14 elementor-widget elementor-widget-heading\" data-id=\"95ecb14\" data-element_type=\"widget\" data-e-type=\"widget\" data-widget_type=\"heading.default\">\n\t\t\t\t\t<h4 class=\"elementor-heading-title elementor-size-default\">Contate-nos para atendimento personalizado<\/h4>\t\t\t\t<\/div>\n\t\t<div class=\"elementor-element elementor-element-2aad5d8 e-con-full e-flex e-con e-parent\" data-id=\"2aad5d8\" data-element_type=\"container\" data-e-type=\"container\">\n\t\t\t\t<div class=\"elementor-element elementor-element-86443a9 elementor-view-default elementor-widget elementor-widget-icon\" data-id=\"86443a9\" data-element_type=\"widget\" data-e-type=\"widget\" data-widget_type=\"icon.default\">\n\t\t\t\t\t\t\t<div class=\"elementor-icon-wrapper\">\n\t\t\t<div class=\"elementor-icon\">\n\t\t\t<i aria-hidden=\"true\" class=\"fas fa-phone-alt\"><\/i>\t\t\t<\/div>\n\t\t<\/div>\n\t\t\t\t\t\t<\/div>\n\t\t<div class=\"elementor-element elementor-element-d8cda69 e-con-full e-flex e-con e-parent\" data-id=\"d8cda69\" data-element_type=\"container\" data-e-type=\"container\">\n\t\t\t\t<div class=\"elementor-element elementor-element-7416789 elementor-widget elementor-widget-heading\" data-id=\"7416789\" data-element_type=\"widget\" data-e-type=\"widget\" data-widget_type=\"heading.default\">\n\t\t\t\t\t<h2 class=\"elementor-heading-title elementor-size-default\">Ligue para n\u00f3s<\/h2>\t\t\t\t<\/div>\n\t\t\t\t<div class=\"elementor-element elementor-element-70e89b3 elementor-widget elementor-widget-heading\" data-id=\"70e89b3\" data-element_type=\"widget\" data-e-type=\"widget\" data-widget_type=\"heading.default\">\n\t\t\t\t\t<h2 class=\"elementor-heading-title elementor-size-default\"><a href=\"tel:+34984195997\">+34 984 19 59 97<\/a><\/h2>\t\t\t\t<\/div>\n\t\t\t\t<div class=\"elementor-element elementor-element-806f246 elementor-widget elementor-widget-heading\" data-id=\"806f246\" data-element_type=\"widget\" data-e-type=\"widget\" data-widget_type=\"heading.default\">\n\t\t\t\t\t<h2 class=\"elementor-heading-title elementor-size-default\"><a href=\"tel:+34699766573\">+34 699 76 65 73<\/a><\/h2>\t\t\t\t<\/div>\n\t\t\t\t<\/div>\n\t\t\t\t<\/div>\n\t\t<div class=\"elementor-element elementor-element-041a873 e-con-full e-flex e-con e-parent\" data-id=\"041a873\" data-element_type=\"container\" data-e-type=\"container\">\n\t\t\t\t<div class=\"elementor-element elementor-element-2ce5e6c elementor-view-default elementor-widget elementor-widget-icon\" data-id=\"2ce5e6c\" data-element_type=\"widget\" data-e-type=\"widget\" data-widget_type=\"icon.default\">\n\t\t\t\t\t\t\t<div class=\"elementor-icon-wrapper\">\n\t\t\t<div class=\"elementor-icon\">\n\t\t\t<i aria-hidden=\"true\" class=\"far fa-envelope\"><\/i>\t\t\t<\/div>\n\t\t<\/div>\n\t\t\t\t\t\t<\/div>\n\t\t<div class=\"elementor-element elementor-element-4b1cae7 e-con-full e-flex e-con e-parent\" data-id=\"4b1cae7\" data-element_type=\"container\" data-e-type=\"container\">\n\t\t\t\t<div class=\"elementor-element elementor-element-bb801b4 elementor-widget elementor-widget-heading\" data-id=\"bb801b4\" data-element_type=\"widget\" data-e-type=\"widget\" data-widget_type=\"heading.default\">\n\t\t\t\t\t<h2 class=\"elementor-heading-title elementor-size-default\">Escreva para n\u00f3s<\/h2>\t\t\t\t<\/div>\n\t\t\t\t<div class=\"elementor-element elementor-element-e5dc0bb elementor-widget elementor-widget-heading\" data-id=\"e5dc0bb\" data-element_type=\"widget\" data-e-type=\"widget\" data-widget_type=\"heading.default\">\n\t\t\t\t\t<h2 class=\"elementor-heading-title elementor-size-default\"><a href=\"mailto:info@pluginaudio.pro\">info@pluginaudio.pro<\/a><\/h2>\t\t\t\t<\/div>\n\t\t\t\t<\/div>\n\t\t\t\t<\/div>\n\t\t\t\t<\/div>\n\t\t<div class=\"elementor-element elementor-element-3456f79 e-con-full e-flex e-con e-parent\" data-id=\"3456f79\" data-element_type=\"container\" data-e-type=\"container\">\n\t\t\t\t<div class=\"elementor-element elementor-element-2ff94a0 elementor-widget elementor-widget-wpforms\" data-id=\"2ff94a0\" data-element_type=\"widget\" data-e-type=\"widget\" data-widget_type=\"wpforms.default\">\n\t\t\t\t<div class=\"elementor-widget-container\">\n\t\t\t\t\t<style id=\"wpforms-css-vars-elementor-widget-2ff94a0\">\n\t\t\t\t.elementor-widget-wpforms.elementor-element-2ff94a0 {\n\t\t\t\t--wpforms-field-border-radius: 5px;\n--wpforms-label-color: #8E908F;\n--wpforms-button-background-color: #30D59E;\n--wpforms-label-size-font-size: 18px;\n--wpforms-label-size-line-height: 21px;\n--wpforms-label-size-sublabel-font-size: 16px;\n--wpforms-label-size-sublabel-line-height: 19px;\n\t\t\t}\n\t\t\t<\/style><div class=\"wpforms-container wpforms-container-full wpforms-render-modern\" id=\"wpforms-1316\"><form id=\"wpforms-form-1316\" class=\"wpforms-validate wpforms-form wpforms-ajax-form\" data-formid=\"1316\" method=\"post\" enctype=\"multipart\/form-data\" action=\"\/pt-pt\/wp-json\/wp\/v2\/pages\/1676\" data-token=\"ef7ead50403dccd10f5ccf2f6f331db1\" data-token-time=\"1778073882\"><noscript class=\"wpforms-error-noscript\">Please enable JavaScript in your browser to complete this form.<\/noscript><div id=\"wpforms-error-noscript\" style=\"display: none;\">Please enable JavaScript in your browser to complete this form.<\/div><div class=\"wpforms-field-container\"><div id=\"wpforms-1316-field_0-container\" class=\"wpforms-field wpforms-field-name\" data-field-id=\"0\"><label class=\"wpforms-field-label\" for=\"wpforms-1316-field_0\">Nombre <span class=\"wpforms-required-label\" aria-hidden=\"true\">*<\/span><\/label><input type=\"text\" id=\"wpforms-1316-field_0\" class=\"wpforms-field-large wpforms-field-required\" name=\"wpforms[fields][0]\" placeholder=\"Nombre\" aria-errormessage=\"wpforms-1316-field_0-error\" required><\/div><div id=\"wpforms-1316-field_4-container\" class=\"wpforms-field wpforms-field-phone\" data-field-id=\"4\"><label class=\"wpforms-field-label\" for=\"wpforms-1316-field_4\">Tel\u00e9fono <span class=\"wpforms-required-label\" aria-hidden=\"true\">*<\/span><\/label><input type=\"tel\" id=\"wpforms-1316-field_4\" class=\"wpforms-field-large wpforms-field-required wpforms-smart-phone-field\" data-rule-smart-phone-field=\"true\" name=\"wpforms[fields][4]\" placeholder=\"Tel\u00e9fono\" aria-label=\"Tel\u00e9fono\" aria-errormessage=\"wpforms-1316-field_4-error\" required><\/div><div id=\"wpforms-1316-field_1-container\" class=\"wpforms-field wpforms-field-email\" data-field-id=\"1\"><label class=\"wpforms-field-label\" for=\"wpforms-1316-field_1\">Email <span class=\"wpforms-required-label\" aria-hidden=\"true\">*<\/span><\/label><input type=\"email\" id=\"wpforms-1316-field_1\" class=\"wpforms-field-large wpforms-field-required\" name=\"wpforms[fields][1]\" placeholder=\"Correo electr\u00f3nico\" spellcheck=\"false\" aria-errormessage=\"wpforms-1316-field_1-error\" required><\/div><div id=\"wpforms-1316-field_2-container\" class=\"wpforms-field wpforms-field-textarea\" data-field-id=\"2\"><label class=\"wpforms-field-label\" for=\"wpforms-1316-field_2\">Mensaje <span class=\"wpforms-required-label\" aria-hidden=\"true\">*<\/span><\/label><textarea id=\"wpforms-1316-field_2\" class=\"wpforms-field-medium wpforms-field-required\" name=\"wpforms[fields][2]\" aria-errormessage=\"wpforms-1316-field_2-error\" required><\/textarea><\/div><div id=\"wpforms-1316-field_9-container\" class=\"wpforms-field wpforms-field-checkbox\" data-field-id=\"9\"><fieldset><legend class=\"wpforms-field-label wpforms-label-hide\" aria-hidden=\"false\">Aviso legal <span class=\"wpforms-required-label\" aria-hidden=\"true\">*<\/span><\/legend><ul id=\"wpforms-1316-field_9\" class=\"wpforms-field-required\"><li class=\"choice-1 depth-1\"><input type=\"checkbox\" id=\"wpforms-1316-field_9_1\" name=\"wpforms[fields][9][]\" value=\"He le\u00eddo, entiendo y acepto la &lt;a href=&quot;\/politica-de-privacidad\/&quot;&gt;pol\u00edtica de privacidad&lt;\/a&gt;.\" aria-errormessage=\"wpforms-1316-field_9_1-error\" aria-describedby=\"wpforms-1316-field_9-description\" required ><label class=\"wpforms-field-label-inline\" for=\"wpforms-1316-field_9_1\">He le\u00eddo, entiendo y acepto la <a href=\"\/politica-de-privacidad\/\">pol\u00edtica de privacidad<\/a>. <span class=\"wpforms-required-label\">*<\/span><\/label><\/li><\/ul><div id=\"wpforms-1316-field_9-description\" class=\"wpforms-field-description wpforms-disclaimer-description\">El responsable del tratamiento es PluginAudio S.L.U. La finalidad para la cual se recaban los datos es solicitar informaci\u00f3n o realizar cualquier consulta relacionada con la empresa. La legitimaci\u00f3n para captar la informaci\u00f3n es el propio consentimiento del interesado. Los datos no ser\u00e1n cedidos a terceros, salvo obligaci\u00f3n legal. Los usuarios disponen del derecho a acceder, rectificar y suprimir los datos, as\u00ed como otros derechos, como se explica en la informaci\u00f3n adicional. Puede consultar la informaci\u00f3n adicional y detallada sobre Protecci\u00f3n de Datos en la pagina de nuestra pol\u00edtica de privacidad.<\/div><\/fieldset><\/div><\/div><!-- .wpforms-field-container --><div class=\"wpforms-recaptcha-container wpforms-is-hcaptcha\" ><div class=\"h-captcha\" data-sitekey=\"7f74bd62-3c0a-4f5f-ba87-665a58733d60\"><\/div><input type=\"text\" name=\"g-recaptcha-hidden\" class=\"wpforms-recaptcha-hidden\" style=\"position:absolute!important;clip:rect(0,0,0,0)!important;height:1px!important;width:1px!important;border:0!important;overflow:hidden!important;padding:0!important;margin:0!important;\" data-rule-hcaptcha=\"1\"><\/div><div class=\"wpforms-submit-container\" ><input type=\"hidden\" name=\"wpforms[id]\" value=\"1316\"><input type=\"hidden\" name=\"page_title\" value=\"\"><input type=\"hidden\" name=\"page_url\" value=\"https:\/\/pluginaudio.pro\/pt-pt\/wp-json\/wp\/v2\/pages\/1676\"><input type=\"hidden\" name=\"url_referer\" value=\"\"><button type=\"submit\" name=\"wpforms[submit]\" id=\"wpforms-submit-1316\" class=\"wpforms-submit\" data-alt-text=\"Enviando...\" data-submit-text=\"Enviar\" aria-live=\"assertive\" value=\"wpforms-submit\">Enviar<\/button><img decoding=\"async\" src=\"https:\/\/pluginaudio.pro\/wp-content\/plugins\/wpforms\/assets\/images\/submit-spin.svg\" class=\"wpforms-submit-spinner\" style=\"display: none;\" width=\"26\" height=\"26\" alt=\"Loading\" title=\"\"><\/div><\/form><\/div>  <!-- .wpforms-container -->\t\t\t\t<\/div>\n\t\t\t\t<\/div>\n\t\t\t\t<\/div>\n\t\t\t\t\t<\/div>\n\t\t\t\t<\/div>\n\t\t<div class=\"elementor-element elementor-element-8704d6f e-flex e-con-boxed e-con e-parent\" data-id=\"8704d6f\" data-element_type=\"container\" data-e-type=\"container\" data-settings=\"{&quot;background_background&quot;:&quot;classic&quot;}\">\n\t\t\t\t\t<div class=\"e-con-inner\">\n\t\t\t\t\t<\/div>\n\t\t\t\t<\/div>\n\t\t\t\t<\/div>\n\t\t","protected":false},"excerpt":{"rendered":"<p>&#8211; Informa\u00e7\u00f5es de contato Contate-nos para atendimento personalizado Ligue para n\u00f3s +34 984 19 59 97 +34 699 76 65 73 Escreva para n\u00f3s info@pluginaudio.pro Please enable JavaScript in your browser to complete this form.Please enable JavaScript in your browser to complete this form.Nombre *Tel\u00e9fono *Email *Mensaje * Aviso legal * He le\u00eddo, entiendo y [&hellip;]<\/p>\n","protected":false},"author":1,"featured_media":0,"parent":0,"menu_order":0,"comment_status":"closed","ping_status":"closed","template":"","meta":{"_acf_changed":false,"inline_featured_image":false,"footnotes":""},"class_list":["post-1676","page","type-page","status-publish","hentry"],"acf":[],"_links":{"self":[{"href":"https:\/\/pluginaudio.pro\/pt-pt\/wp-json\/wp\/v2\/pages\/1676","targetHints":{"allow":["GET"]}}],"collection":[{"href":"https:\/\/pluginaudio.pro\/pt-pt\/wp-json\/wp\/v2\/pages"}],"about":[{"href":"https:\/\/pluginaudio.pro\/pt-pt\/wp-json\/wp\/v2\/types\/page"}],"author":[{"embeddable":true,"href":"https:\/\/pluginaudio.pro\/pt-pt\/wp-json\/wp\/v2\/users\/1"}],"replies":[{"embeddable":true,"href":"https:\/\/pluginaudio.pro\/pt-pt\/wp-json\/wp\/v2\/comments?post=1676"}],"version-history":[{"count":22,"href":"https:\/\/pluginaudio.pro\/pt-pt\/wp-json\/wp\/v2\/pages\/1676\/revisions"}],"predecessor-version":[{"id":2079,"href":"https:\/\/pluginaudio.pro\/pt-pt\/wp-json\/wp\/v2\/pages\/1676\/revisions\/2079"}],"wp:attachment":[{"href":"https:\/\/pluginaudio.pro\/pt-pt\/wp-json\/wp\/v2\/media?parent=1676"}],"curies":[{"name":"wp","href":"https:\/\/api.w.org\/{rel}","templated":true}]}}