{"id":1675,"date":"2023-09-05T09:44:23","date_gmt":"2023-09-05T09:44:23","guid":{"rendered":"https:\/\/pluginaudio.pro\/formacion-steinberg\/"},"modified":"2023-09-15T11:00:33","modified_gmt":"2023-09-15T11:00:33","slug":"formacao-steinberg","status":"publish","type":"page","link":"https:\/\/pluginaudio.pro\/pt-pt\/formacao\/formacao-steinberg\/","title":{"rendered":"Forma\u00e7\u00e3o Steinberg"},"content":{"rendered":"\t\t<div data-elementor-type=\"wp-page\" data-elementor-id=\"1675\" class=\"elementor elementor-1675 elementor-1395\" data-elementor-post-type=\"page\">\n\t\t\t\t<div class=\"elementor-element elementor-element-ff33bab e-con-full e-flex e-con e-parent\" data-id=\"ff33bab\" data-element_type=\"container\" data-e-type=\"container\">\n\t\t\t\t<div class=\"elementor-element elementor-element-b5436c6 elementor-widget elementor-widget-shortcode\" data-id=\"b5436c6\" data-element_type=\"widget\" data-e-type=\"widget\" data-widget_type=\"shortcode.default\">\n\t\t\t\t\t\t\t<div class=\"elementor-shortcode\">\t\t<div data-elementor-type=\"container\" data-elementor-id=\"1666\" class=\"elementor elementor-1666 elementor-486 elementor-486\" data-elementor-post-type=\"elementor_library\">\n\t\t\t\t<div class=\"elementor-element elementor-element-6bea037b e-con-full innerheader e-flex e-con e-parent\" data-id=\"6bea037b\" data-element_type=\"container\" data-e-type=\"container\" data-settings=\"{&quot;background_background&quot;:&quot;classic&quot;}\">\n\t\t\t\t<div class=\"elementor-element elementor-element-2719a178 elementor-widget elementor-widget-heading\" data-id=\"2719a178\" data-element_type=\"widget\" data-e-type=\"widget\" data-widget_type=\"heading.default\">\n\t\t\t\t\t<h1 class=\"elementor-heading-title elementor-size-default\">Forma\u00e7\u00e3o Steinberg<\/h1>\t\t\t\t<\/div>\n\t\t\t\t<\/div>\n\t\t\t\t<\/div>\n\t\t<\/div>\n\t\t\t\t\t\t<\/div>\n\t\t\t\t<\/div>\n\t\t<div class=\"elementor-element elementor-element-0ba4452 e-flex e-con-boxed e-con e-parent\" data-id=\"0ba4452\" data-element_type=\"container\" data-e-type=\"container\" data-settings=\"{&quot;background_background&quot;:&quot;classic&quot;}\">\n\t\t\t\t\t<div class=\"e-con-inner\">\n\t\t<div class=\"elementor-element elementor-element-8692e3b e-con-full e-flex e-con e-parent\" data-id=\"8692e3b\" data-element_type=\"container\" data-e-type=\"container\">\n\t\t\t\t<div class=\"elementor-element elementor-element-157886b elementor-widget elementor-widget-image\" data-id=\"157886b\" data-element_type=\"widget\" data-e-type=\"widget\" data-widget_type=\"image.default\">\n\t\t\t\t\t\t\t\t\t\t\t\t\t\t\t<img fetchpriority=\"high\" decoding=\"async\" width=\"1280\" height=\"853\" src=\"https:\/\/pluginaudio.pro\/wp-content\/uploads\/2023\/08\/formacion_pluginaudiopro_06.jpg\" class=\"attachment-full size-full wp-image-1723\" alt=\"-\" srcset=\"https:\/\/pluginaudio.pro\/wp-content\/uploads\/2023\/08\/formacion_pluginaudiopro_06.jpg 1280w, https:\/\/pluginaudio.pro\/wp-content\/uploads\/2023\/08\/formacion_pluginaudiopro_06-300x200.jpg 300w, https:\/\/pluginaudio.pro\/wp-content\/uploads\/2023\/08\/formacion_pluginaudiopro_06-1024x682.jpg 1024w, https:\/\/pluginaudio.pro\/wp-content\/uploads\/2023\/08\/formacion_pluginaudiopro_06-768x512.jpg 768w\" sizes=\"(max-width: 1280px) 100vw, 1280px\" title=\"\">\t\t\t\t\t\t\t\t\t\t\t\t\t\t\t<\/div>\n\t\t\t\t<\/div>\n\t\t<div class=\"elementor-element elementor-element-72d25d4 e-con-full e-flex e-con e-parent\" data-id=\"72d25d4\" data-element_type=\"container\" data-e-type=\"container\">\n\t\t\t\t<div class=\"elementor-element elementor-element-b7e18b1 elementor-widget elementor-widget-heading\" data-id=\"b7e18b1\" data-element_type=\"widget\" data-e-type=\"widget\" data-widget_type=\"heading.default\">\n\t\t\t\t\t<h4 class=\"elementor-heading-title elementor-size-default\">- Reconhecimento<\/h4>\t\t\t\t<\/div>\n\t\t\t\t<div class=\"elementor-element elementor-element-4f2816a elementor-widget elementor-widget-heading\" data-id=\"4f2816a\" data-element_type=\"widget\" data-e-type=\"widget\" data-widget_type=\"heading.default\">\n\t\t\t\t\t<h4 class=\"elementor-heading-title elementor-size-default\">STEINBERG Certified Training Center<\/h4>\t\t\t\t<\/div>\n\t\t\t\t<div class=\"elementor-element elementor-element-c4bc098 elementor-widget elementor-widget-text-editor\" data-id=\"c4bc098\" data-element_type=\"widget\" data-e-type=\"widget\" data-widget_type=\"text-editor.default\">\n\t\t\t\t\t\t\t\t\t<p>Na Pluginaudio temos muito orgulho de ser o primeiro <strong>Centro de Forma\u00e7\u00e3o Certificado<\/strong> em Espanha desde 2012, por tudo o que isso implica, desde a certifica\u00e7\u00e3o como formadores em toda a gama de produtos de hardware e software da empresa at\u00e9 ao reconhecimento da nossa experi\u00eancia e qualidade por parte de o fabricante l\u00edder mundial de software de cria\u00e7\u00e3o musical.<\/p><p>Atrav\u00e9s desta ferramenta de forma\u00e7\u00e3o de primeiro n\u00edvel oferecemos cursos com certifica\u00e7\u00e3o mundial em Nuendo, Cubase, Wavelab e Dorico com diversos n\u00edveis, podendo atingir o m\u00e1ximo n\u00edvel profissional como operador em todos eles.<\/p><p>Da mesma forma, desenhamos treinamentos customizados para aqueles usu\u00e1rios que necessitam refor\u00e7ar \u00e1reas espec\u00edficas ou adquirir conhecimentos espec\u00edficos necess\u00e1rios ao seu desenvolvimento profissional.<\/p>\t\t\t\t\t\t\t\t<\/div>\n\t\t\t\t<\/div>\n\t\t\t\t\t<\/div>\n\t\t\t\t<\/div>\n\t\t<div class=\"elementor-element elementor-element-e5dbf8d e-flex e-con-boxed e-con e-parent\" data-id=\"e5dbf8d\" data-element_type=\"container\" data-e-type=\"container\" data-settings=\"{&quot;background_background&quot;:&quot;classic&quot;}\">\n\t\t\t\t\t<div class=\"e-con-inner\">\n\t\t\t\t<div class=\"elementor-element elementor-element-c6b6b66 elementor-widget elementor-widget-heading\" data-id=\"c6b6b66\" data-element_type=\"widget\" data-e-type=\"widget\" data-widget_type=\"heading.default\">\n\t\t\t\t\t<h4 class=\"elementor-heading-title elementor-size-default\">Cursos com certifica\u00e7\u00e3o oficial <b>STEINBERG<\/b><\/h4>\t\t\t\t<\/div>\n\t\t<div class=\"elementor-element elementor-element-76b831b e-flex e-con-boxed e-con e-parent\" data-id=\"76b831b\" data-element_type=\"container\" data-e-type=\"container\">\n\t\t\t\t\t<div class=\"e-con-inner\">\n\t\t<div class=\"elementor-element elementor-element-7115402 e-con-full e-flex e-con e-parent\" data-id=\"7115402\" data-element_type=\"container\" data-e-type=\"container\" data-settings=\"{&quot;background_background&quot;:&quot;classic&quot;}\">\n\t\t\t\t<div class=\"elementor-element elementor-element-42f8465 elementor-widget elementor-widget-image\" data-id=\"42f8465\" data-element_type=\"widget\" data-e-type=\"widget\" data-widget_type=\"image.default\">\n\t\t\t\t\t\t\t\t\t\t\t\t\t\t\t<img decoding=\"async\" src=\"https:\/\/pluginaudio.pro\/wp-content\/uploads\/elementor\/thumbs\/nuendo-qbbtu6z09yqqw07dz9qn1kh26j2zpsf3n78vxiqwga.jpg\" title=\"nuendo\" alt=\"nuendo\" loading=\"lazy\" \/>\t\t\t\t\t\t\t\t\t\t\t\t\t\t\t<\/div>\n\t\t<div class=\"elementor-element elementor-element-5535c20 e-flex e-con-boxed e-con e-parent\" data-id=\"5535c20\" data-element_type=\"container\" data-e-type=\"container\">\n\t\t\t\t\t<div class=\"e-con-inner\">\n\t\t\t\t<div class=\"elementor-element elementor-element-92cc61c elementor-widget elementor-widget-image\" data-id=\"92cc61c\" data-element_type=\"widget\" data-e-type=\"widget\" data-widget_type=\"image.default\">\n\t\t\t\t\t\t\t\t\t\t\t\t\t\t\t<img decoding=\"async\" src=\"https:\/\/pluginaudio.pro\/wp-content\/uploads\/2023\/08\/Nuendo-Logo.png\" title=\"Nuendo-Logo\" alt=\"Nuendo-Logo\" loading=\"lazy\" \/>\t\t\t\t\t\t\t\t\t\t\t\t\t\t\t<\/div>\n\t\t\t\t<div class=\"elementor-element elementor-element-f089c22 elementor-widget elementor-widget-heading\" data-id=\"f089c22\" data-element_type=\"widget\" data-e-type=\"widget\" data-widget_type=\"heading.default\">\n\t\t\t\t\t<h3 class=\"elementor-heading-title elementor-size-default\">NUENDO PRO Operator<\/h3>\t\t\t\t<\/div>\n\t\t\t\t\t<\/div>\n\t\t\t\t<\/div>\n\t\t\t\t<\/div>\n\t\t<div class=\"elementor-element elementor-element-19360e1 e-con-full e-flex e-con e-parent\" data-id=\"19360e1\" data-element_type=\"container\" data-e-type=\"container\" data-settings=\"{&quot;background_background&quot;:&quot;classic&quot;}\">\n\t\t\t\t<div class=\"elementor-element elementor-element-896d4af elementor-widget elementor-widget-image\" data-id=\"896d4af\" data-element_type=\"widget\" data-e-type=\"widget\" data-widget_type=\"image.default\">\n\t\t\t\t\t\t\t\t\t\t\t\t\t\t\t<img decoding=\"async\" src=\"https:\/\/pluginaudio.pro\/wp-content\/uploads\/elementor\/thumbs\/cubase-qbbtg9z139owzuf48r6hmkwdk5ocr4662bj351dqkq.jpg\" title=\"cubase\" alt=\"cubase\" loading=\"lazy\" \/>\t\t\t\t\t\t\t\t\t\t\t\t\t\t\t<\/div>\n\t\t<div class=\"elementor-element elementor-element-5f5c81f e-flex e-con-boxed e-con e-parent\" data-id=\"5f5c81f\" data-element_type=\"container\" data-e-type=\"container\">\n\t\t\t\t\t<div class=\"e-con-inner\">\n\t\t\t\t<div class=\"elementor-element elementor-element-5e1c592 elementor-widget elementor-widget-image\" data-id=\"5e1c592\" data-element_type=\"widget\" data-e-type=\"widget\" data-widget_type=\"image.default\">\n\t\t\t\t\t\t\t\t\t\t\t\t\t\t\t<img decoding=\"async\" src=\"https:\/\/pluginaudio.pro\/wp-content\/uploads\/2023\/08\/Cubase-Logo.png\" title=\"Cubase-Logo\" alt=\"Cubase-Logo\" loading=\"lazy\" \/>\t\t\t\t\t\t\t\t\t\t\t\t\t\t\t<\/div>\n\t\t\t\t<div class=\"elementor-element elementor-element-020b326 elementor-widget elementor-widget-heading\" data-id=\"020b326\" data-element_type=\"widget\" data-e-type=\"widget\" data-widget_type=\"heading.default\">\n\t\t\t\t\t<h3 class=\"elementor-heading-title elementor-size-default\">CUBASE PRO Operator<\/h3>\t\t\t\t<\/div>\n\t\t\t\t\t<\/div>\n\t\t\t\t<\/div>\n\t\t\t\t<\/div>\n\t\t<div class=\"elementor-element elementor-element-cbcf31d e-con-full e-flex e-con e-parent\" data-id=\"cbcf31d\" data-element_type=\"container\" data-e-type=\"container\" data-settings=\"{&quot;background_background&quot;:&quot;classic&quot;}\">\n\t\t\t\t<div class=\"elementor-element elementor-element-a89823c elementor-widget elementor-widget-image\" data-id=\"a89823c\" data-element_type=\"widget\" data-e-type=\"widget\" data-widget_type=\"image.default\">\n\t\t\t\t\t\t\t\t\t\t\t\t\t\t\t<img decoding=\"async\" src=\"https:\/\/pluginaudio.pro\/wp-content\/uploads\/elementor\/thumbs\/wavelab-qbbujb7qwl4l4vpxb4lqo8ahn7a3em4vritzlpi66i.jpg\" title=\"wavelab\" alt=\"wavelab\" loading=\"lazy\" \/>\t\t\t\t\t\t\t\t\t\t\t\t\t\t\t<\/div>\n\t\t<div class=\"elementor-element elementor-element-acdfc48 e-flex e-con-boxed e-con e-parent\" data-id=\"acdfc48\" data-element_type=\"container\" data-e-type=\"container\">\n\t\t\t\t\t<div class=\"e-con-inner\">\n\t\t\t\t<div class=\"elementor-element elementor-element-a5763fb elementor-widget elementor-widget-image\" data-id=\"a5763fb\" data-element_type=\"widget\" data-e-type=\"widget\" data-widget_type=\"image.default\">\n\t\t\t\t\t\t\t\t\t\t\t\t\t\t\t<img decoding=\"async\" src=\"https:\/\/pluginaudio.pro\/wp-content\/uploads\/2023\/08\/WaveLab-Logo.png\" title=\"WaveLab-Logo\" alt=\"WaveLab-Logo\" loading=\"lazy\" \/>\t\t\t\t\t\t\t\t\t\t\t\t\t\t\t<\/div>\n\t\t\t\t<div class=\"elementor-element elementor-element-3464c77 elementor-widget elementor-widget-heading\" data-id=\"3464c77\" data-element_type=\"widget\" data-e-type=\"widget\" data-widget_type=\"heading.default\">\n\t\t\t\t\t<h3 class=\"elementor-heading-title elementor-size-default\">WAVELAB PRO Operator<\/h3>\t\t\t\t<\/div>\n\t\t\t\t\t<\/div>\n\t\t\t\t<\/div>\n\t\t\t\t<\/div>\n\t\t<div class=\"elementor-element elementor-element-ab84746 e-con-full e-flex e-con e-parent\" data-id=\"ab84746\" data-element_type=\"container\" data-e-type=\"container\" data-settings=\"{&quot;background_background&quot;:&quot;classic&quot;}\">\n\t\t\t\t<div class=\"elementor-element elementor-element-a2b679e elementor-widget elementor-widget-image\" data-id=\"a2b679e\" data-element_type=\"widget\" data-e-type=\"widget\" data-widget_type=\"image.default\">\n\t\t\t\t\t\t\t\t\t\t\t\t\t\t\t<img decoding=\"async\" src=\"https:\/\/pluginaudio.pro\/wp-content\/uploads\/elementor\/thumbs\/Dorico-qbbu2c8ni9w7icdeesi8nigviqxifcrcrisdnuo2iy.jpg\" title=\"Dorico\" alt=\"Dorico\" loading=\"lazy\" \/>\t\t\t\t\t\t\t\t\t\t\t\t\t\t\t<\/div>\n\t\t<div class=\"elementor-element elementor-element-af59310 e-flex e-con-boxed e-con e-parent\" data-id=\"af59310\" data-element_type=\"container\" data-e-type=\"container\">\n\t\t\t\t\t<div class=\"e-con-inner\">\n\t\t\t\t<div class=\"elementor-element elementor-element-12d6d9a elementor-widget elementor-widget-image\" data-id=\"12d6d9a\" data-element_type=\"widget\" data-e-type=\"widget\" data-widget_type=\"image.default\">\n\t\t\t\t\t\t\t\t\t\t\t\t\t\t\t<img decoding=\"async\" src=\"https:\/\/pluginaudio.pro\/wp-content\/uploads\/2023\/08\/Dorico-Logo.png\" title=\"Dorico-Logo\" alt=\"Dorico-Logo\" loading=\"lazy\" \/>\t\t\t\t\t\t\t\t\t\t\t\t\t\t\t<\/div>\n\t\t\t\t<div class=\"elementor-element elementor-element-fa71d1c elementor-widget elementor-widget-heading\" data-id=\"fa71d1c\" data-element_type=\"widget\" data-e-type=\"widget\" data-widget_type=\"heading.default\">\n\t\t\t\t\t<h3 class=\"elementor-heading-title elementor-size-default\">DORICO PRO Operator<\/h3>\t\t\t\t<\/div>\n\t\t\t\t\t<\/div>\n\t\t\t\t<\/div>\n\t\t\t\t<\/div>\n\t\t\t\t\t<\/div>\n\t\t\t\t<\/div>\n\t\t\t\t\t<\/div>\n\t\t\t\t<\/div>\n\t\t\t\t<\/div>\n\t\t","protected":false},"excerpt":{"rendered":"<p>&#8211; Reconhecimento STEINBERG Certified Training Center Na Pluginaudio temos muito orgulho de ser o primeiro Centro de Forma\u00e7\u00e3o Certificado em Espanha desde 2012, por tudo o que isso implica, desde a certifica\u00e7\u00e3o como formadores em toda a gama de produtos de hardware e software da empresa at\u00e9 ao reconhecimento da nossa experi\u00eancia e qualidade por [&hellip;]<\/p>\n","protected":false},"author":1,"featured_media":0,"parent":1677,"menu_order":0,"comment_status":"closed","ping_status":"closed","template":"","meta":{"_acf_changed":false,"inline_featured_image":false,"footnotes":""},"class_list":["post-1675","page","type-page","status-publish","hentry"],"acf":[],"_links":{"self":[{"href":"https:\/\/pluginaudio.pro\/pt-pt\/wp-json\/wp\/v2\/pages\/1675","targetHints":{"allow":["GET"]}}],"collection":[{"href":"https:\/\/pluginaudio.pro\/pt-pt\/wp-json\/wp\/v2\/pages"}],"about":[{"href":"https:\/\/pluginaudio.pro\/pt-pt\/wp-json\/wp\/v2\/types\/page"}],"author":[{"embeddable":true,"href":"https:\/\/pluginaudio.pro\/pt-pt\/wp-json\/wp\/v2\/users\/1"}],"replies":[{"embeddable":true,"href":"https:\/\/pluginaudio.pro\/pt-pt\/wp-json\/wp\/v2\/comments?post=1675"}],"version-history":[{"count":7,"href":"https:\/\/pluginaudio.pro\/pt-pt\/wp-json\/wp\/v2\/pages\/1675\/revisions"}],"predecessor-version":[{"id":1824,"href":"https:\/\/pluginaudio.pro\/pt-pt\/wp-json\/wp\/v2\/pages\/1675\/revisions\/1824"}],"up":[{"embeddable":true,"href":"https:\/\/pluginaudio.pro\/pt-pt\/wp-json\/wp\/v2\/pages\/1677"}],"wp:attachment":[{"href":"https:\/\/pluginaudio.pro\/pt-pt\/wp-json\/wp\/v2\/media?parent=1675"}],"curies":[{"name":"wp","href":"https:\/\/api.w.org\/{rel}","templated":true}]}}